{"id":133,"date":"2024-03-01T09:38:38","date_gmt":"2024-03-01T09:38:38","guid":{"rendered":"https:\/\/gyvelholm.dk\/?page_id=133"},"modified":"2025-10-06T08:10:23","modified_gmt":"2025-10-06T08:10:23","slug":"praktisk-info","status":"publish","type":"page","link":"http:\/\/gyvelholm.dk\/?page_id=133","title":{"rendered":"Praktisk info"},"content":{"rendered":"\n<h2 class=\"wp-block-heading\">Vicev\u00e6rt og ejendomsservice<\/h2>\n\n\n\n<ul class=\"wp-block-list\">\n<li>Brug Dalux app&#8217;en til at kommunikere med ejendommens driftsleder. Det er her du kan indmelde fejl og mangler, der vedr\u00f8rer din bolig.<\/li>\n\n\n\n<li>Login detaljer\n<ul class=\"wp-block-list\">\n<li>Kunde: Nrep<\/li>\n\n\n\n<li>HelpDesk ID: Gyvelholm<\/li>\n<\/ul>\n<\/li>\n<\/ul>\n\n\n\n<p><\/p>\n\n\n\n<h2 class=\"wp-block-heading\">Om Beboerforeningen<\/h2>\n\n\n\n<ul class=\"wp-block-list\">\n<li>Beboerforeningen varetager lejernes interesse<\/li>\n<\/ul>\n\n\n\n<h6 class=\"wp-block-heading\">Leje af kano<\/h6>\n\n\n\n<ul class=\"wp-block-list\">\n<li>Beboerforeningen ejer en kano med tilh\u00f8rende udstyr, som lejerne kan reservere under fanen <em>Booking<\/em><\/li>\n\n\n\n<li>Kanoen kan bookes 1\/2 dag ad gangen &#8211; i tidsintervallet kl. 8 \u2013 14 eller kl. 14 \u2013 20<\/li>\n\n\n\n<li>Husk at afl\u00e5se kanoen efter brug, idet vi tidligere har ejet en rob\u00e5d der er blevet stj\u00e5let<\/li>\n\n\n\n<li>Kanoen placeres i kanostativet<\/li>\n\n\n\n<li>Pagajer og redningsveste placeres i k\u00e6lderen i skabet&nbsp;<\/li>\n<\/ul>\n\n\n\n<h6 class=\"wp-block-heading\">L\u00e5n af haveredskaber, telte og havem\u00f8bler<\/h6>\n\n\n\n<ul class=\"wp-block-list\">\n<li>Haveredskaber, telt og havem\u00f8bler kan l\u00e5nes.<\/li>\n\n\n\n<li>Disse ejendele befinder sig i et afl\u00e5st k\u00e6lderlokale ved den nord\u00f8stlige trappe (den ved vicev\u00e6rtens kontor)<\/li>\n\n\n\n<li>Det aftales individuelt med Sine i nr. 38, og n\u00f8glen skal straks efter brug returneres.<\/li>\n<\/ul>\n\n\n\n<h2 class=\"wp-block-heading\">Affald og storskrald<\/h2>\n\n\n\n<p>Der er 3 affaldsomr\u00e5der p\u00e5 parkeringspladsen:<\/p>\n\n\n\n<ul class=\"wp-block-list\">\n<li>I det midterste affaldsomr\u00e5de er der en container til madaffald. <\/li>\n\n\n\n<li>I alle tre affaldsomr\u00e5der er der containere til:\n<ul class=\"wp-block-list\">\n<li>Glas, metal, plast, pap og diverse affald<\/li>\n\n\n\n<li>Husk at folde dine papkasser sammen, s\u00e5 vi ikke skal betale for ekstra t\u00f8mning.<\/li>\n\n\n\n<li>Pap t\u00f8mmes hver uge<\/li>\n<\/ul>\n<\/li>\n\n\n\n<li>Herudover er der en g\u00e5rd ud mod Fures\u00f8vej, hvor storskrald kan bortskaffes. Med i skraldeordningen er f\u00f8lgende: \n<ul class=\"wp-block-list\">\n<li>M\u00f8bler, for eksempel stole, senge, sofaer osv. (m\u00f8bler skal v\u00e6re af en st\u00f8rrelse, s\u00e5 de kan h\u00e5ndteres af \u00e9n mand. Kan de ikke det, skal de skilles ad inden de bliver stillet i containerg\u00e5rden)<\/li>\n\n\n\n<li>Store og sm\u00e5 elektronikapparater<\/li>\n\n\n\n<li>H\u00e5rde hvidevarer<\/li>\n\n\n\n<li>Stort pap<\/li>\n\n\n\n<li>St\u00f8rre ting af jern og metal<\/li>\n\n\n\n<li>Farligt affald skal stilles i metalskabet m\u00e6rket &#8216;Farligt Affald&#8217; <\/li>\n<\/ul>\n<\/li>\n\n\n\n<li>Storskraldsordningen omfatter IKKE:\n<ul class=\"wp-block-list\">\n<li>Gr\u00f8nt affald<\/li>\n\n\n\n<li>Keramik, porcel\u00e6n, spejle og glas<\/li>\n\n\n\n<li>Byggeaffald (gipsplader, mursten, vinduer, isolering, impr\u00e6gneret tr\u00e6 osv)<\/li>\n\n\n\n<li>Installationer og sanitet (toiletter, h\u00e5ndvaske, emh\u00e6tter)<\/li>\n<\/ul>\n<\/li>\n\n\n\n<li>Genstande, der ikke er omfattet af storskraldsordningen, skal man selv bringe p\u00e5 genbrugspladsen. <\/li>\n<\/ul>\n\n\n\n<h2 class=\"wp-block-heading\">F\u00e6llesrum til havem\u00f8bler<\/h2>\n\n\n\n<ul class=\"wp-block-list\">\n<li>F\u00e6llesrummet til havem\u00f8bler findes ved den nord\u00f8stlige trappe (den ved vicev\u00e6rtens kontor)<\/li>\n\n\n\n<li>Andre genstande skal placeres i eget k\u00e6lderlokale<\/li>\n<\/ul>\n\n\n\n<p>Se endvidere venligst g\u00e6ldende <a href=\"https:\/\/gyvelholm.dk\/?page_id=62\">husorden<\/a>.<\/p>\n\n\n<div class=\"wp-block-image\">\n<figure class=\"aligncenter size-large\"><img fetchpriority=\"high\" decoding=\"async\" width=\"1024\" height=\"509\" src=\"https:\/\/gyvelholm.dk\/wp-content\/uploads\/2024\/03\/gyvelholm_small_oddhunt\u00a9-5-1024x509.jpg\" alt=\"\" class=\"wp-image-266\" srcset=\"http:\/\/gyvelholm.dk\/wp-content\/uploads\/2024\/03\/gyvelholm_small_oddhunt\u00a9-5-1024x509.jpg 1024w, http:\/\/gyvelholm.dk\/wp-content\/uploads\/2024\/03\/gyvelholm_small_oddhunt\u00a9-5-300x149.jpg 300w, http:\/\/gyvelholm.dk\/wp-content\/uploads\/2024\/03\/gyvelholm_small_oddhunt\u00a9-5-768x382.jpg 768w, http:\/\/gyvelholm.dk\/wp-content\/uploads\/2024\/03\/gyvelholm_small_oddhunt\u00a9-5-440x219.jpg 440w, http:\/\/gyvelholm.dk\/wp-content\/uploads\/2024\/03\/gyvelholm_small_oddhunt\u00a9-5.jpg 1418w\" sizes=\"(max-width: 1024px) 100vw, 1024px\" \/><\/figure><\/div>\n\n\n<p><\/p>\n","protected":false},"excerpt":{"rendered":"<p>Vicev\u00e6rt og ejendomsservice Om Beboerforeningen Leje af kano L\u00e5n af haveredskaber, telte og havem\u00f8bler Affald og storskrald Der er 3 affaldsomr\u00e5der p\u00e5 parkeringspladsen: F\u00e6llesrum til havem\u00f8bler Se endvidere venligst g\u00e6ldende husorden.<\/p>\n","protected":false},"author":3,"featured_media":0,"parent":0,"menu_order":0,"comment_status":"closed","ping_status":"closed","template":"","meta":{"footnotes":""},"class_list":["post-133","page","type-page","status-publish","hentry"],"_links":{"self":[{"href":"http:\/\/gyvelholm.dk\/index.php?rest_route=\/wp\/v2\/pages\/133"}],"collection":[{"href":"http:\/\/gyvelholm.dk\/index.php?rest_route=\/wp\/v2\/pages"}],"about":[{"href":"http:\/\/gyvelholm.dk\/index.php?rest_route=\/wp\/v2\/types\/page"}],"author":[{"embeddable":true,"href":"http:\/\/gyvelholm.dk\/index.php?rest_route=\/wp\/v2\/users\/3"}],"replies":[{"embeddable":true,"href":"http:\/\/gyvelholm.dk\/index.php?rest_route=%2Fwp%2Fv2%2Fcomments&post=133"}],"version-history":[{"count":93,"href":"http:\/\/gyvelholm.dk\/index.php?rest_route=\/wp\/v2\/pages\/133\/revisions"}],"predecessor-version":[{"id":611,"href":"http:\/\/gyvelholm.dk\/index.php?rest_route=\/wp\/v2\/pages\/133\/revisions\/611"}],"wp:attachment":[{"href":"http:\/\/gyvelholm.dk\/index.php?rest_route=%2Fwp%2Fv2%2Fmedia&parent=133"}],"curies":[{"name":"wp","href":"https:\/\/api.w.org\/{rel}","templated":true}]}}