{"id":269,"date":"2024-03-24T20:42:50","date_gmt":"2024-03-24T20:42:50","guid":{"rendered":"https:\/\/gyvelholm.dk\/?page_id=269"},"modified":"2025-08-08T07:41:09","modified_gmt":"2025-08-08T07:41:09","slug":"booking","status":"publish","type":"page","link":"http:\/\/gyvelholm.dk\/?page_id=269","title":{"rendered":"Booking af kano"},"content":{"rendered":"<ul>\n<li>L\u00e5n af kano skal altid registreres i bookingsystemet<\/li>\n<li>Kano m\u00e5 kun l\u00e5nes en halv dag ad gangen kl 8 &#8211; 14 eller 14 &#8211; 20<\/li>\n<li>Kano skal efter brug tr\u00e6kkes p\u00e5 land, placeres i kanostativet og afl\u00e5ses<\/li>\n<li>Pagajer og redningsveste skal placeres i k\u00e6lderen i skabet. Skabet afl\u00e5ses efter brug<\/li>\n<li>\u00c5rer l\u00e6gges p\u00e5 beslag p\u00e5 v\u00e6ggen<\/li>\n<\/ul>\n<ul>\n<li>Anvend din C-n\u00f8gle til skab og kano<\/li>\n<\/ul>\n\n<div class=\"booked-calendar-shortcode-wrap\"><div class=\"booked-calendar-wrap large\"><div class=\"booked-calendar booked-pa-active\" data-calendar-id=\"21\" data-calendar-date=\"2026-05-01\">\n\t\t<div class=\"bc-head\">\n\n\t\t\t\n\t\t\t<div class=\"bc-row top\">\n\t\t\t\t<div class=\"bc-col\">\n\t\t\t\t\t\t\t\t\t\t<span class=\"calendarSavingState\">\n\t\t\t\t\t\t<i class=\"fa-solid fa-circle-notch fa-spin\"><\/i>\n\t\t\t\t\t<\/span>\n\t\t\t\t\t<span class=\"monthName\">\n\t\t\t\t\t\tmaj 2026\t\t\t\t\t\t\t\t\t\t\t<\/span>\n\t\t\t\t\t<a href=\"#\" data-goto=\"2026-06-01\" class=\"page-right\"><i class=\"fa-solid fa-arrow-right\"><\/i><\/a>\t\t\t\t<\/div>\n\t\t\t<\/div>\n\t\t\t<div class=\"bc-row days\">\n\t\t\t\t\t\t\t\t<div class=\"bc-col\">man<\/div>\n\t\t\t\t<div class=\"bc-col\">tirs<\/div>\n\t\t\t\t<div class=\"bc-col\">ons<\/div>\n\t\t\t\t<div class=\"bc-col\">tors<\/div>\n\t\t\t\t<div class=\"bc-col\">fre<\/div>\n\t\t\t\t<div class=\"bc-col\">l\u00f8r<\/div>\t\t\t\t<div class=\"bc-col\">s\u00f8n<\/div>\t\t\t<\/div>\n\t\t<\/div>\n\t\t<div class=\"bc-body\"><div class=\"bc-row week\"><div data-date=\"2026-04-27\" class=\"bc-col prev-month prev-date\"><span class=\"date\"><span class=\"number\">27<\/span><\/span><\/div><div data-date=\"2026-04-28\" class=\"bc-col prev-month prev-date\"><span class=\"date\"><span class=\"number\">28<\/span><\/span><\/div><div data-date=\"2026-04-29\" class=\"bc-col prev-month prev-date\"><span class=\"date\"><span class=\"number\">29<\/span><\/span><\/div><div data-date=\"2026-04-30\" class=\"bc-col prev-month prev-date\"><span class=\"date\"><span class=\"number\">30<\/span><\/span><\/div><div data-date=\"2026-05-1\" class=\"bc-col prev-date\"><span class=\"date\"><span class=\"number\">1<\/span><\/span><\/div><div data-date=\"2026-05-2\" class=\"bc-col prev-date\"><span class=\"date\"><span class=\"number\">2<\/span><\/span><\/div><div data-date=\"2026-05-3\" class=\"bc-col today\"><span class=\"date tooltipster\" title=\"1 Available\"><span class=\"number\">3<\/span><\/span><\/div><\/div><div class=\"bc-row week\"><div data-date=\"2026-05-4\" class=\"bc-col \"><span class=\"date tooltipster\" title=\"2 Available\"><span class=\"number\">4<\/span><\/span><\/div><div data-date=\"2026-05-5\" class=\"bc-col \"><span class=\"date tooltipster\" title=\"2 Available\"><span class=\"number\">5<\/span><\/span><\/div><div data-date=\"2026-05-6\" class=\"bc-col \"><span class=\"date tooltipster\" title=\"2 Available\"><span class=\"number\">6<\/span><\/span><\/div><div data-date=\"2026-05-7\" class=\"bc-col \"><span class=\"date tooltipster\" title=\"2 Available\"><span class=\"number\">7<\/span><\/span><\/div><div data-date=\"2026-05-8\" class=\"bc-col \"><span class=\"date tooltipster\" title=\"2 Available\"><span class=\"number\">8<\/span><\/span><\/div><div data-date=\"2026-05-9\" class=\"bc-col \"><span class=\"date tooltipster\" title=\"2 Available\"><span class=\"number\">9<\/span><\/span><\/div><div data-date=\"2026-05-10\" class=\"bc-col \"><span class=\"date tooltipster\" title=\"2 Available\"><span class=\"number\">10<\/span><\/span><\/div><\/div><div class=\"bc-row week\"><div data-date=\"2026-05-11\" class=\"bc-col \"><span class=\"date tooltipster\" title=\"2 Available\"><span class=\"number\">11<\/span><\/span><\/div><div data-date=\"2026-05-12\" class=\"bc-col \"><span class=\"date tooltipster\" title=\"2 Available\"><span class=\"number\">12<\/span><\/span><\/div><div data-date=\"2026-05-13\" class=\"bc-col \"><span class=\"date tooltipster\" title=\"2 Available\"><span class=\"number\">13<\/span><\/span><\/div><div data-date=\"2026-05-14\" class=\"bc-col \"><span class=\"date tooltipster\" title=\"2 Available\"><span class=\"number\">14<\/span><\/span><\/div><div data-date=\"2026-05-15\" class=\"bc-col \"><span class=\"date tooltipster\" title=\"2 Available\"><span class=\"number\">15<\/span><\/span><\/div><div data-date=\"2026-05-16\" class=\"bc-col \"><span class=\"date tooltipster\" title=\"2 Available\"><span class=\"number\">16<\/span><\/span><\/div><div data-date=\"2026-05-17\" class=\"bc-col \"><span class=\"date tooltipster\" title=\"2 Available\"><span class=\"number\">17<\/span><\/span><\/div><\/div><div class=\"bc-row week\"><div data-date=\"2026-05-18\" class=\"bc-col \"><span class=\"date tooltipster\" title=\"2 Available\"><span class=\"number\">18<\/span><\/span><\/div><div data-date=\"2026-05-19\" class=\"bc-col \"><span class=\"date tooltipster\" title=\"2 Available\"><span class=\"number\">19<\/span><\/span><\/div><div data-date=\"2026-05-20\" class=\"bc-col \"><span class=\"date tooltipster\" title=\"2 Available\"><span class=\"number\">20<\/span><\/span><\/div><div data-date=\"2026-05-21\" class=\"bc-col \"><span class=\"date tooltipster\" title=\"2 Available\"><span class=\"number\">21<\/span><\/span><\/div><div data-date=\"2026-05-22\" class=\"bc-col \"><span class=\"date tooltipster\" title=\"2 Available\"><span class=\"number\">22<\/span><\/span><\/div><div data-date=\"2026-05-23\" class=\"bc-col \"><span class=\"date tooltipster\" title=\"2 Available\"><span class=\"number\">23<\/span><\/span><\/div><div data-date=\"2026-05-24\" class=\"bc-col \"><span class=\"date tooltipster\" title=\"2 Available\"><span class=\"number\">24<\/span><\/span><\/div><\/div><div class=\"bc-row week\"><div data-date=\"2026-05-25\" class=\"bc-col \"><span class=\"date tooltipster\" title=\"2 Available\"><span class=\"number\">25<\/span><\/span><\/div><div data-date=\"2026-05-26\" class=\"bc-col \"><span class=\"date tooltipster\" title=\"2 Available\"><span class=\"number\">26<\/span><\/span><\/div><div data-date=\"2026-05-27\" class=\"bc-col \"><span class=\"date tooltipster\" title=\"2 Available\"><span class=\"number\">27<\/span><\/span><\/div><div data-date=\"2026-05-28\" class=\"bc-col \"><span class=\"date tooltipster\" title=\"2 Available\"><span class=\"number\">28<\/span><\/span><\/div><div data-date=\"2026-05-29\" class=\"bc-col \"><span class=\"date tooltipster\" title=\"2 Available\"><span class=\"number\">29<\/span><\/span><\/div><div data-date=\"2026-05-30\" class=\"bc-col \"><span class=\"date tooltipster\" title=\"2 Available\"><span class=\"number\">30<\/span><\/span><\/div><div data-date=\"2026-05-31\" class=\"bc-col \"><span class=\"date tooltipster\" title=\"2 Available\"><span class=\"number\">31<\/span><\/span><\/div><\/div>\t\t<\/div>\n\t<\/div><\/div><\/div>\n","protected":false},"excerpt":{"rendered":"<p>L\u00e5n af kano skal altid registreres i bookingsystemet Kano m\u00e5 kun l\u00e5nes en halv dag ad gangen kl 8 &#8211; 14 eller 14 &#8211; 20 Kano skal efter brug tr\u00e6kkes p\u00e5 land, placeres i kanostativet og afl\u00e5ses Pagajer og redningsveste [&hellip;]<\/p>\n","protected":false},"author":3,"featured_media":0,"parent":0,"menu_order":0,"comment_status":"closed","ping_status":"closed","template":"","meta":{"footnotes":""},"class_list":["post-269","page","type-page","status-publish","hentry"],"_links":{"self":[{"href":"http:\/\/gyvelholm.dk\/index.php?rest_route=\/wp\/v2\/pages\/269"}],"collection":[{"href":"http:\/\/gyvelholm.dk\/index.php?rest_route=\/wp\/v2\/pages"}],"about":[{"href":"http:\/\/gyvelholm.dk\/index.php?rest_route=\/wp\/v2\/types\/page"}],"author":[{"embeddable":true,"href":"http:\/\/gyvelholm.dk\/index.php?rest_route=\/wp\/v2\/users\/3"}],"replies":[{"embeddable":true,"href":"http:\/\/gyvelholm.dk\/index.php?rest_route=%2Fwp%2Fv2%2Fcomments&post=269"}],"version-history":[{"count":43,"href":"http:\/\/gyvelholm.dk\/index.php?rest_route=\/wp\/v2\/pages\/269\/revisions"}],"predecessor-version":[{"id":654,"href":"http:\/\/gyvelholm.dk\/index.php?rest_route=\/wp\/v2\/pages\/269\/revisions\/654"}],"wp:attachment":[{"href":"http:\/\/gyvelholm.dk\/index.php?rest_route=%2Fwp%2Fv2%2Fmedia&parent=269"}],"curies":[{"name":"wp","href":"https:\/\/api.w.org\/{rel}","templated":true}]}}