{"id":60,"date":"2023-04-17T20:02:45","date_gmt":"2023-04-17T20:02:45","guid":{"rendered":"https:\/\/gyvelholm.dk\/?page_id=60"},"modified":"2025-11-12T12:42:51","modified_gmt":"2025-11-12T12:42:51","slug":"bestyrelse","status":"publish","type":"page","link":"http:\/\/gyvelholm.dk\/?page_id=60","title":{"rendered":"Bestyrelse"},"content":{"rendered":"\n<h1 class=\"wp-block-heading\">Bestyrelse<\/h1>\n\n\n<p>Foreningens bestyrelse v\u00e6lges p\u00e5 foreningens \u00e5rlige generalforsamling.<\/p>\n<p>Du kan kontakte bestyrelsen p\u00e5 mail: <strong>bestyrelse@gyvelholm.dk<\/strong><\/p>\n<p>Bestyrelsen best\u00e5r i \u00f8jeblikket af f\u00f8lgende medlemmer:<\/p>\n<ul>\n<li>Formand Henrik Melgaard nr. 41<\/li>\n<li>N\u00e6stformand Ghita Parry nr. 43<\/li>\n<li>Bestyrelsesmedlem Elke Hanquist nr. 31<\/li>\n<li>Bestyrelsesmedlem Sine Rasmussen nr. 38<\/li>\n<li>Revisor Benedikte Bergmann nr. 34<\/li>\n<\/ul>\n\n<div class=\"wp-block-image\">\n<figure class=\"aligncenter size-large\"><img fetchpriority=\"high\" decoding=\"async\" width=\"1024\" height=\"429\" src=\"https:\/\/gyvelholm.dk\/wp-content\/uploads\/2024\/03\/gyvelholm_small_oddhunt\u00a9-19-1024x429.jpg\" alt=\"\" class=\"wp-image-264\" srcset=\"http:\/\/gyvelholm.dk\/wp-content\/uploads\/2024\/03\/gyvelholm_small_oddhunt\u00a9-19-1024x429.jpg 1024w, http:\/\/gyvelholm.dk\/wp-content\/uploads\/2024\/03\/gyvelholm_small_oddhunt\u00a9-19-300x126.jpg 300w, http:\/\/gyvelholm.dk\/wp-content\/uploads\/2024\/03\/gyvelholm_small_oddhunt\u00a9-19-768x322.jpg 768w, http:\/\/gyvelholm.dk\/wp-content\/uploads\/2024\/03\/gyvelholm_small_oddhunt\u00a9-19-1536x643.jpg 1536w, http:\/\/gyvelholm.dk\/wp-content\/uploads\/2024\/03\/gyvelholm_small_oddhunt\u00a9-19-440x184.jpg 440w, http:\/\/gyvelholm.dk\/wp-content\/uploads\/2024\/03\/gyvelholm_small_oddhunt\u00a9-19.jpg 1545w\" sizes=\"(max-width: 1024px) 100vw, 1024px\" \/><\/figure><\/div>","protected":false},"excerpt":{"rendered":"<p>Bestyrelse Foreningens bestyrelse v\u00e6lges p\u00e5 foreningens \u00e5rlige generalforsamling. Du kan kontakte bestyrelsen p\u00e5 mail: bestyrelse@gyvelholm.dk Bestyrelsen best\u00e5r i \u00f8jeblikket af f\u00f8lgende medlemmer: Formand Henrik Melgaard nr. 41 N\u00e6stformand Ghita Parry nr. 43 Bestyrelsesmedlem Elke Hanquist nr. 31 Bestyrelsesmedlem Sine Rasmussen [&hellip;]<\/p>\n","protected":false},"author":1,"featured_media":0,"parent":0,"menu_order":0,"comment_status":"closed","ping_status":"closed","template":"","meta":{"footnotes":""},"class_list":["post-60","page","type-page","status-publish","hentry"],"_links":{"self":[{"href":"http:\/\/gyvelholm.dk\/index.php?rest_route=\/wp\/v2\/pages\/60"}],"collection":[{"href":"http:\/\/gyvelholm.dk\/index.php?rest_route=\/wp\/v2\/pages"}],"about":[{"href":"http:\/\/gyvelholm.dk\/index.php?rest_route=\/wp\/v2\/types\/page"}],"author":[{"embeddable":true,"href":"http:\/\/gyvelholm.dk\/index.php?rest_route=\/wp\/v2\/users\/1"}],"replies":[{"embeddable":true,"href":"http:\/\/gyvelholm.dk\/index.php?rest_route=%2Fwp%2Fv2%2Fcomments&post=60"}],"version-history":[{"count":29,"href":"http:\/\/gyvelholm.dk\/index.php?rest_route=\/wp\/v2\/pages\/60\/revisions"}],"predecessor-version":[{"id":661,"href":"http:\/\/gyvelholm.dk\/index.php?rest_route=\/wp\/v2\/pages\/60\/revisions\/661"}],"wp:attachment":[{"href":"http:\/\/gyvelholm.dk\/index.php?rest_route=%2Fwp%2Fv2%2Fmedia&parent=60"}],"curies":[{"name":"wp","href":"https:\/\/api.w.org\/{rel}","templated":true}]}}